{"id":15415,"date":"2023-12-08T07:04:51","date_gmt":"2023-12-08T00:04:51","guid":{"rendered":"https:\/\/fullmoon-village.com\/dat-phong\/"},"modified":"2023-12-08T07:04:51","modified_gmt":"2023-12-08T00:04:51","slug":"dat-phong","status":"publish","type":"page","link":"https:\/\/fullmoon-village.com\/vi\/dat-phong\/","title":{"rendered":"\u0110\u1eb7t Ph\u00f2ng"},"content":{"rendered":"\t\t<div data-elementor-type=\"wp-page\" data-elementor-id=\"15415\" class=\"elementor elementor-15415\" data-elementor-post-type=\"page\">\n\t\t\t\t\t\t\t\t\t<section class=\"elementor-section elementor-top-section elementor-element elementor-element-16bb110 elementor-section-height-full elementor-section-boxed elementor-section-height-default elementor-section-items-middle wpr-particle-no wpr-jarallax-no wpr-parallax-no wpr-sticky-section-no\" data-id=\"16bb110\" data-element_type=\"section\" data-settings=\"{&quot;background_background&quot;:&quot;classic&quot;,&quot;shape_divider_bottom&quot;:&quot;opacity-tilt&quot;}\">\n\t\t\t\t\t\t\t<div class=\"elementor-background-overlay\"><\/div>\n\t\t\t\t\t\t<div class=\"elementor-shape elementor-shape-bottom\" data-negative=\"false\">\n\t\t\t<svg xmlns=\"http:\/\/www.w3.org\/2000\/svg\" viewBox=\"0 0 2600 131.1\" preserveAspectRatio=\"none\">\n\t<path class=\"elementor-shape-fill\" d=\"M0 0L2600 0 2600 69.1 0 0z\"\/>\n\t<path class=\"elementor-shape-fill\" style=\"opacity:0.5\" d=\"M0 0L2600 0 2600 69.1 0 69.1z\"\/>\n\t<path class=\"elementor-shape-fill\" style=\"opacity:0.25\" d=\"M2600 0L0 0 0 130.1 2600 69.1z\"\/>\n<\/svg>\t\t<\/div>\n\t\t\t\t\t<div class=\"elementor-container elementor-column-gap-default\">\n\t\t\t\t\t<div class=\"elementor-column elementor-col-100 elementor-top-column elementor-element elementor-element-08d4a6d\" data-id=\"08d4a6d\" data-element_type=\"column\">\n\t\t\t<div class=\"elementor-widget-wrap elementor-element-populated\">\n\t\t\t\t\t\t\t\t<div class=\"elementor-element elementor-element-4aaef0a elementor-widget elementor-widget-heading\" data-id=\"4aaef0a\" data-element_type=\"widget\" data-settings=\"{&quot;motion_fx_motion_fx_scrolling&quot;:&quot;yes&quot;,&quot;motion_fx_translateY_effect&quot;:&quot;yes&quot;,&quot;motion_fx_translateY_speed&quot;:{&quot;unit&quot;:&quot;px&quot;,&quot;size&quot;:4,&quot;sizes&quot;:[]},&quot;motion_fx_translateY_affectedRange&quot;:{&quot;unit&quot;:&quot;%&quot;,&quot;size&quot;:&quot;&quot;,&quot;sizes&quot;:{&quot;start&quot;:0,&quot;end&quot;:100}},&quot;motion_fx_devices&quot;:[&quot;desktop&quot;,&quot;tablet&quot;,&quot;mobile&quot;]}\" data-widget_type=\"heading.default\">\n\t\t\t\t<div class=\"elementor-widget-container\">\n\t\t\t<h2 class=\"elementor-heading-title elementor-size-default\">Reservation<\/h2>\t\t<\/div>\n\t\t\t\t<\/div>\n\t\t\t\t<div class=\"elementor-element elementor-element-fbc4177 elementor-widget-divider--view-line elementor-widget elementor-widget-divider\" data-id=\"fbc4177\" data-element_type=\"widget\" data-settings=\"{&quot;motion_fx_motion_fx_scrolling&quot;:&quot;yes&quot;,&quot;motion_fx_translateY_effect&quot;:&quot;yes&quot;,&quot;motion_fx_translateY_speed&quot;:{&quot;unit&quot;:&quot;px&quot;,&quot;size&quot;:4,&quot;sizes&quot;:[]},&quot;motion_fx_translateY_affectedRange&quot;:{&quot;unit&quot;:&quot;%&quot;,&quot;size&quot;:&quot;&quot;,&quot;sizes&quot;:{&quot;start&quot;:0,&quot;end&quot;:100}},&quot;motion_fx_devices&quot;:[&quot;desktop&quot;,&quot;tablet&quot;,&quot;mobile&quot;]}\" data-widget_type=\"divider.default\">\n\t\t\t\t<div class=\"elementor-widget-container\">\n\t\t\t\t\t<div class=\"elementor-divider\">\n\t\t\t<span class=\"elementor-divider-separator\">\n\t\t\t\t\t\t<\/span>\n\t\t<\/div>\n\t\t\t\t<\/div>\n\t\t\t\t<\/div>\n\t\t\t\t\t<\/div>\n\t\t<\/div>\n\t\t\t\t\t\t\t<\/div>\n\t\t<\/section>\n\t\t\t\t<section class=\"elementor-section elementor-top-section elementor-element elementor-element-66c2b4c elementor-section-boxed elementor-section-height-default elementor-section-height-default wpr-particle-no wpr-jarallax-no wpr-parallax-no wpr-sticky-section-no\" data-id=\"66c2b4c\" data-element_type=\"section\">\n\t\t\t\t\t\t<div class=\"elementor-container elementor-column-gap-default\">\n\t\t\t\t\t<div class=\"elementor-column elementor-col-100 elementor-top-column elementor-element elementor-element-3d99499\" data-id=\"3d99499\" data-element_type=\"column\">\n\t\t\t<div class=\"elementor-widget-wrap elementor-element-populated\">\n\t\t\t\t\t\t\t\t<div class=\"elementor-element elementor-element-cf3cbe3 elementor-widget elementor-widget-shortcode\" data-id=\"cf3cbe3\" data-element_type=\"widget\" data-widget_type=\"shortcode.default\">\n\t\t\t\t<div class=\"elementor-widget-container\">\n\t\t\t\t\t<div class=\"elementor-shortcode\"><div class=\"hotelier\">\n\t\n<p class=\"hotelier-notice hotelier-notice--info hotelier-notice--no-rooms-available\">We are sorry, there are no rooms available on your requested dates. Please try again with some different dates.<\/p>\n\n\n\n<form name=\"hotelier_datepicker\" method=\"post\" id=\"hotelier-datepicker\" class=\"datepicker-form \" action=\"https:\/\/fullmoon-village.com\/reservation\/\" enctype=\"multipart\/form-data\">\n\n\t\n\t<span class=\"datepicker-input-select-wrapper\"><input class=\"datepicker-input-select\" type=\"text\" id=\"hotelier-datepicker-select\" value=\"\"><\/span>\n\t<input type=\"text\" id=\"hotelier-datepicker-checkin\" class=\"datepicker-input datepicker-input--checkin\" name=\"checkin\" value=\"2026-04-21\" style=\"display: none;\">\n\t<input type=\"text\" id=\"hotelier-datepicker-checkout\" class=\"datepicker-input datepicker-input--checkout\" name=\"checkout\" value=\"2026-04-22\" style=\"display: none;\">\n\n\t<input type=\"submit\" class=\"button button--datepicker\" name=\"hotelier_datepicker_button\" id=\"datepicker-button\" value=\"Check availability\" \/><\/form>\n\n\n\n<\/div><\/div>\n\t\t\t\t<\/div>\n\t\t\t\t<\/div>\n\t\t\t\t\t<\/div>\n\t\t<\/div>\n\t\t\t\t\t\t\t<\/div>\n\t\t<\/section>\n\t\t\t\t<section class=\"elementor-section elementor-top-section elementor-element elementor-element-729c0da elementor-section-boxed elementor-section-height-default elementor-section-height-default wpr-particle-no wpr-jarallax-no wpr-parallax-no wpr-sticky-section-no\" data-id=\"729c0da\" data-element_type=\"section\">\n\t\t\t\t\t\t<div class=\"elementor-container elementor-column-gap-default\">\n\t\t\t\t\t<div class=\"elementor-column elementor-col-50 elementor-top-column elementor-element elementor-element-23c9aad\" data-id=\"23c9aad\" data-element_type=\"column\">\n\t\t\t<div class=\"elementor-widget-wrap elementor-element-populated\">\n\t\t\t\t\t\t\t\t<div class=\"elementor-element elementor-element-a3ff402 elementor-widget elementor-widget-heading\" data-id=\"a3ff402\" data-element_type=\"widget\" data-widget_type=\"heading.default\">\n\t\t\t\t<div class=\"elementor-widget-container\">\n\t\t\t<h2 class=\"elementor-heading-title elementor-size-default\">Why Choose Us?<\/h2>\t\t<\/div>\n\t\t\t\t<\/div>\n\t\t\t\t<div class=\"elementor-element elementor-element-8e24fc1 elementor-widget-divider--view-line elementor-widget elementor-widget-divider\" data-id=\"8e24fc1\" data-element_type=\"widget\" data-widget_type=\"divider.default\">\n\t\t\t\t<div class=\"elementor-widget-container\">\n\t\t\t\t\t<div class=\"elementor-divider\">\n\t\t\t<span class=\"elementor-divider-separator\">\n\t\t\t\t\t\t<\/span>\n\t\t<\/div>\n\t\t\t\t<\/div>\n\t\t\t\t<\/div>\n\t\t\t\t<div class=\"elementor-element elementor-element-e8b0fd8 elementor-widget elementor-widget-text-editor\" data-id=\"e8b0fd8\" data-element_type=\"widget\" data-widget_type=\"text-editor.default\">\n\t\t\t\t<div class=\"elementor-widget-container\">\n\t\t\t\t\t\t\t<ol><li><p><strong>Stunning Natural Setting:<\/strong> Full Moon Village is situated in a beautiful natural environment, with a gentle beach and breathtaking landscapes.<\/p><\/li><li><p><strong>High-Quality Service:<\/strong> The dedicated and professional service at Full Moon Village provides a luxurious and comfortable resort experience.<\/p><\/li><li><p><strong>Diverse Dining Options:<\/strong> The restaurants here are not only unique with local specialties but also offer a variety of culinary choices.<\/p><\/li><li><p><strong>Resort Facilities:<\/strong> Amenities such as the pool, beachfront bar, and beach wedding services create a diverse and comprehensive resort experience.<\/p><\/li><li><p><strong>Special Wedding Venue:<\/strong> Full Moon Village offers an ideal space for beach weddings, creating a unique and memorable celebration with a stunning backdrop.<\/p><\/li><li><p><strong>Environmental Conservation:<\/strong> A focus on environmental conservation at Full Moon Village maintains a comfortable and convenient environment for guests while preserving the natural surroundings.<\/p><\/li><li><p><strong>Personalized Service:<\/strong> Personalized and attentive services cater to the unique needs of guests, creating a distinct resort experience.<\/p><\/li><li><p><strong>Convenient Location:<\/strong> Conveniently located, Full Moon Village allows easy access to nearby attractions for guests to explore.<\/p><\/li><\/ol>\t\t\t\t\t\t<\/div>\n\t\t\t\t<\/div>\n\t\t\t\t\t<\/div>\n\t\t<\/div>\n\t\t\t\t<div class=\"elementor-column elementor-col-50 elementor-top-column elementor-element elementor-element-4754586\" data-id=\"4754586\" data-element_type=\"column\">\n\t\t\t<div class=\"elementor-widget-wrap elementor-element-populated\">\n\t\t\t\t\t\t\t\t<div class=\"elementor-element elementor-element-13b9c6a elementor-widget elementor-widget-image\" data-id=\"13b9c6a\" data-element_type=\"widget\" data-widget_type=\"image.default\">\n\t\t\t\t<div class=\"elementor-widget-container\">\n\t\t\t\t\t\t\t\t\t\t\t\t\t\t\t<img fetchpriority=\"high\" decoding=\"async\" width=\"684\" height=\"1024\" src=\"https:\/\/fullmoon-village.com\/wp-content\/uploads\/DSC_0864-684x1024.jpg\" class=\"attachment-large size-large wp-image-13379\" alt=\"\" srcset=\"https:\/\/fullmoon-village.com\/wp-content\/uploads\/DSC_0864-684x1024.jpg 684w, https:\/\/fullmoon-village.com\/wp-content\/uploads\/DSC_0864-200x300.jpg 200w, https:\/\/fullmoon-village.com\/wp-content\/uploads\/DSC_0864-768x1150.jpg 768w, https:\/\/fullmoon-village.com\/wp-content\/uploads\/DSC_0864-1025x1536.jpg 1025w, https:\/\/fullmoon-village.com\/wp-content\/uploads\/DSC_0864-1367x2048.jpg 1367w, https:\/\/fullmoon-village.com\/wp-content\/uploads\/DSC_0864-600x899.jpg 600w, https:\/\/fullmoon-village.com\/wp-content\/uploads\/DSC_0864-scaled.jpg 1709w\" sizes=\"(max-width: 684px) 100vw, 684px\" \/>\t\t\t\t\t\t\t\t\t\t\t\t\t\t\t<\/div>\n\t\t\t\t<\/div>\n\t\t\t\t\t<\/div>\n\t\t<\/div>\n\t\t\t\t\t\t\t<\/div>\n\t\t<\/section>\n\t\t\t\t\t\t\t<\/div>\n\t\t","protected":false},"excerpt":{"rendered":"<p>\u0110\u1eb7t Ph\u00f2ng L\u00fd Do \u0110\u1ec3 Ch\u1ecdn Ch\u00fang T\u00f4i M\u00f4i Tr\u01b0\u1eddng T\u1ef1 Nhi\u00ean Tuy\u1ec7t \u0110\u1eb9p: Full Moon Village n\u1eb1m trong m\u1ed9t m\u00f4i tr\u01b0\u1eddng t\u1ef1 nhi\u00ean tuy\u1ec7t \u0111\u1eb9p, v\u1edbi b\u00e3i bi\u1ec3n nh\u1eb9 nh\u00e0ng v\u00e0 c\u1ea3nh quan h\u00f9ng v\u0129. D\u1ecbch v\u1ee5 Ch\u1ea5t l\u01b0\u1ee3ng Cao: D\u1ecbch v\u1ee5 chuy\u00ean nghi\u1ec7p v\u00e0 t\u1eadn t\u00e2m t\u1ea1i Full Moon Village mang l\u1ea1i tr\u1ea3i [&hellip;]<\/p>\n","protected":false},"author":1,"featured_media":0,"parent":0,"menu_order":0,"comment_status":"closed","ping_status":"closed","template":"elementor_canvas","meta":{"_seopress_robots_primary_cat":"","footnotes":""},"class_list":["post-15415","page","type-page","status-publish","hentry"],"_links":{"self":[{"href":"https:\/\/fullmoon-village.com\/vi\/wp-json\/wp\/v2\/pages\/15415","targetHints":{"allow":["GET"]}}],"collection":[{"href":"https:\/\/fullmoon-village.com\/vi\/wp-json\/wp\/v2\/pages"}],"about":[{"href":"https:\/\/fullmoon-village.com\/vi\/wp-json\/wp\/v2\/types\/page"}],"author":[{"embeddable":true,"href":"https:\/\/fullmoon-village.com\/vi\/wp-json\/wp\/v2\/users\/1"}],"replies":[{"embeddable":true,"href":"https:\/\/fullmoon-village.com\/vi\/wp-json\/wp\/v2\/comments?post=15415"}],"version-history":[{"count":0,"href":"https:\/\/fullmoon-village.com\/vi\/wp-json\/wp\/v2\/pages\/15415\/revisions"}],"wp:attachment":[{"href":"https:\/\/fullmoon-village.com\/vi\/wp-json\/wp\/v2\/media?parent=15415"}],"curies":[{"name":"wp","href":"https:\/\/api.w.org\/{rel}","templated":true}]}}